{"id":38,"date":"2020-02-21T06:57:11","date_gmt":"2020-02-21T06:57:11","guid":{"rendered":"https:\/\/e-amira.de\/?page_id=38"},"modified":"2026-04-01T15:21:53","modified_gmt":"2026-04-01T15:21:53","slug":"38-2","status":"publish","type":"page","link":"https:\/\/e-amira.de\/","title":{"rendered":"Start"},"content":{"rendered":"<p>[et_pb_section fb_built=&#8220;1&#8243; admin_label=&#8220;Hero Section&#8220; _builder_version=&#8220;3.22&#8243; use_background_color_gradient=&#8220;on&#8220; background_color_gradient_start=&#8220;#f4f0e9&#8243; background_color_gradient_end=&#8220;rgba(244,240,233,0)&#8220; background_color_gradient_direction=&#8220;90deg&#8220; background_color_gradient_start_position=&#8220;30%&#8220; background_color_gradient_overlays_image=&#8220;on&#8220; background_image=&#8220;https:\/\/e-amira.de\/wp-content\/uploads\/2020\/02\/florist-01.jpg&#8220; custom_margin=&#8220;|||&#8220; custom_padding=&#8220;14%|0px|14%|0px&#8220;][et_pb_row custom_padding_last_edited=&#8220;off|desktop&#8220; admin_label=&#8220;Hero Area&#8220; _builder_version=&#8220;3.25&#8243; custom_padding=&#8220;27px|0px|0px|0px&#8220;][et_pb_column type=&#8220;4_4&#8243; _builder_version=&#8220;3.25&#8243; custom_padding=&#8220;|||&#8220; custom_padding__hover=&#8220;|||&#8220;][et_pb_text admin_label=&#8220;Hero Title&#8220; _builder_version=&#8220;3.27.4&#8243; text_font=&#8220;Playfair Display||||||||&#8220; header_font=&#8220;Alice||||||||&#8220; header_font_size=&#8220;120px&#8220; header_letter_spacing=&#8220;-3px&#8220; header_line_height=&#8220;1.1em&#8220; animation_style=&#8220;slide&#8220; animation_direction=&#8220;left&#8220; animation_intensity_slide=&#8220;5%&#8220; animation_starting_opacity=&#8220;100%&#8220; text_font_size_last_edited=&#8220;off|desktop&#8220; header_font_size_tablet=&#8220;&#8220; header_font_size_phone=&#8220;60px&#8220; header_font_size_last_edited=&#8220;on|phone&#8220;]<\/p>\n<h1>Edeltraud Amira<\/h1>\n<p>[\/et_pb_text][et_pb_text _builder_version=&#8220;3.27.4&#8243; text_font=&#8220;||||||||&#8220; text_font_size=&#8220;18px&#8220; text_line_height=&#8220;1.8em&#8220; header_font=&#8220;||||||||&#8220; max_width=&#8220;500px&#8220; custom_margin=&#8220;|||&#8220; custom_padding=&#8220;||10px|&#8220; animation_style=&#8220;slide&#8220; animation_direction=&#8220;left&#8220; animation_intensity_slide=&#8220;5%&#8220; animation_starting_opacity=&#8220;100%&#8220;]<\/p>\n<p>Psychologische Beratung<\/p>\n<p>[\/et_pb_text][et_pb_button button_url=&#8220;@ET-DC@eyJkeW5hbWljIjp0cnVlLCJjb250ZW50IjoicG9zdF9saW5rX3VybF9wYWdlIiwic2V0dGluZ3MiOnsicG9zdF9pZCI6IjEzOSJ9fQ==@&#8220; button_text=&#8220;Meine Vita&#8220; _builder_version=&#8220;4.8.2&#8243; _dynamic_attributes=&#8220;button_url&#8220; custom_button=&#8220;on&#8220; button_text_size=&#8220;15px&#8220; button_text_color=&#8220;#f7f3ee&#8220; button_bg_color=&#8220;#959d93&#8243; button_border_width=&#8220;0px&#8220; button_border_radius=&#8220;100px&#8220; button_letter_spacing=&#8220;2px&#8220; button_font=&#8220;|700||on|||||&#8220; button_use_icon=&#8220;off&#8220; custom_padding=&#8220;16px|30px|16px|30px&#8220; animation_style=&#8220;slide&#8220; animation_direction=&#8220;left&#8220; animation_intensity_slide=&#8220;10%&#8220; animation_starting_opacity=&#8220;100%&#8220; button_letter_spacing_hover=&#8220;2px&#8220; button_bg_color_hover=&#8220;#e0c588&#8243; button_text_size__hover_enabled=&#8220;off&#8220; button_one_text_size__hover_enabled=&#8220;off&#8220; button_two_text_size__hover_enabled=&#8220;off&#8220; button_text_color__hover_enabled=&#8220;off&#8220; button_one_text_color__hover_enabled=&#8220;off&#8220; button_two_text_color__hover_enabled=&#8220;off&#8220; button_border_width__hover_enabled=&#8220;off&#8220; button_one_border_width__hover_enabled=&#8220;off&#8220; button_two_border_width__hover_enabled=&#8220;off&#8220; button_border_color__hover_enabled=&#8220;off&#8220; button_one_border_color__hover_enabled=&#8220;off&#8220; button_two_border_color__hover_enabled=&#8220;off&#8220; button_border_radius__hover_enabled=&#8220;off&#8220; button_one_border_radius__hover_enabled=&#8220;off&#8220; button_two_border_radius__hover_enabled=&#8220;off&#8220; button_letter_spacing__hover_enabled=&#8220;on&#8220; button_letter_spacing__hover=&#8220;2px&#8220; button_one_letter_spacing__hover_enabled=&#8220;off&#8220; button_two_letter_spacing__hover_enabled=&#8220;off&#8220; button_bg_color__hover_enabled=&#8220;on&#8220; button_bg_color__hover=&#8220;#e0c588&#8243; button_one_bg_color__hover_enabled=&#8220;off&#8220; button_two_bg_color__hover_enabled=&#8220;off&#8220;][\/et_pb_button][\/et_pb_column][\/et_pb_row][\/et_pb_section][et_pb_section fb_built=&#8220;1&#8243; admin_label=&#8220;Promo Banner&#8220; _builder_version=&#8220;3.22&#8243; background_color=&#8220;#959d93&#8243; custom_padding=&#8220;0px|0px|0px|0px&#8220;][et_pb_row _builder_version=&#8220;3.25&#8243;][et_pb_column type=&#8220;4_4&#8243; _builder_version=&#8220;3.25&#8243; custom_padding=&#8220;|||&#8220; custom_padding__hover=&#8220;|||&#8220;][et_pb_text _builder_version=&#8220;4.8.2&#8243; _dynamic_attributes=&#8220;link_option_url&#8220; text_font=&#8220;||||||||&#8220; text_font_size=&#8220;16px&#8220; link_font=&#8220;|600|||on||||&#8220; link_text_color=&#8220;rgba(12,12,12,0.59)&#8220; header_font=&#8220;||||||||&#8220; header_2_font=&#8220;Alice||||||||&#8220; header_2_line_height=&#8220;1.5em&#8220; text_orientation=&#8220;center&#8220; background_layout=&#8220;dark&#8220; link_option_url=&#8220;@ET-DC@eyJkeW5hbWljIjp0cnVlLCJjb250ZW50IjoicG9zdF9saW5rX3VybF9wYWdlIiwic2V0dGluZ3MiOnsicG9zdF9pZCI6IjE2OCJ9fQ==@&#8220;]<\/p>\n<h2><strong>Psychologische Beratung<br \/> <\/strong><\/h2>\n<p><a href=\"#\"><\/a><\/p>\n<p>[\/et_pb_text][\/et_pb_column][\/et_pb_row][\/et_pb_section][et_pb_section fb_built=&#8220;1&#8243; admin_label=&#8220;Our Specialties Section&#8220; _builder_version=&#8220;3.22&#8243; custom_padding=&#8220;110px||110px|&#8220;][et_pb_row admin_label=&#8220;Title Area&#8220; _builder_version=&#8220;3.25&#8243;][et_pb_column type=&#8220;4_4&#8243; _builder_version=&#8220;3.25&#8243; custom_padding=&#8220;|||&#8220; custom_padding__hover=&#8220;|||&#8220;][et_pb_text admin_label=&#8220;Title&#8220; _builder_version=&#8220;4.8.2&#8243; text_font=&#8220;||||||||&#8220; header_font=&#8220;||||||||&#8220; header_2_font=&#8220;Alice||||||||&#8220; header_2_text_align=&#8220;center&#8220; header_2_font_size=&#8220;42px&#8220; header_2_line_height=&#8220;1.3em&#8220; custom_margin=&#8220;||20px|&#8220; animation_style=&#8220;slide&#8220; animation_direction=&#8220;top&#8220; animation_intensity_slide=&#8220;30%&#8220; animation_starting_opacity=&#8220;100%&#8220;]<\/p>\n<h2>Willkommen!<\/h2>\n<p>[\/et_pb_text][et_pb_divider color=&#8220;#2a2a2a&#8220; divider_weight=&#8220;3px&#8220; _builder_version=&#8220;3.2&#8243; max_width=&#8220;50px&#8220; module_alignment=&#8220;center&#8220; custom_margin=&#8220;||10px|&#8220; animation_style=&#8220;slide&#8220; animation_direction=&#8220;top&#8220; animation_intensity_slide=&#8220;30%&#8220; animation_starting_opacity=&#8220;100%&#8220;][\/et_pb_divider][et_pb_text admin_label=&#8220;Subtitle&#8220; _builder_version=&#8220;4.8.2&#8243; text_font=&#8220;||||||||&#8220; text_font_size=&#8220;16px&#8220; text_line_height=&#8220;1.8em&#8220; text_orientation=&#8220;center&#8220; max_width=&#8220;700px&#8220; module_alignment=&#8220;center&#8220; animation_style=&#8220;slide&#8220; animation_direction=&#8220;top&#8220; animation_intensity_slide=&#8220;20%&#8220; animation_starting_opacity=&#8220;100%&#8220;]<\/p>\n<h3><strong>Mit Herz und Verstand, nimm dein Leben in die Hand.<\/strong><\/h3>\n<p>&nbsp;<\/p>\n<p>Mit diesem pers\u00f6nlichen Lebensmotto m\u00f6chte ich Sie auf meiner Homepage willkommen hei\u00dfen. Ich habe mir <strong>Psychologische Beratung<\/strong> zur Aufgabe gemacht und gebe regelm\u00e4\u00dfig Kurse an Volkshochschulen zur Fortbildung zu p\u00e4dagogischen Themen. In meiner Freizeit schreibe ich Gedichte und leite ein Kindertheater. Bitte klicken Sie auf ein Bild oder eine \u00dcberschrift.<\/p>\n<p>[\/et_pb_text][\/et_pb_column][\/et_pb_row][et_pb_row column_structure=&#8220;1_2,1_2&#8243; admin_label=&#8220;Our Specialties&#8220; _builder_version=&#8220;3.25&#8243; custom_margin=&#8220;40px|||&#8220;][et_pb_column type=&#8220;1_2&#8243; _builder_version=&#8220;3.25&#8243; custom_padding=&#8220;|||&#8220; custom_padding__hover=&#8220;|||&#8220;][et_pb_image src=&#8220;https:\/\/e-amira.de\/wp-content\/uploads\/2020\/02\/roman-kraft-0EVKn3-5JSU-unsplash-scaled.jpg&#8220; url=&#8220;@ET-DC@eyJkeW5hbWljIjp0cnVlLCJjb250ZW50IjoicG9zdF9saW5rX3VybF9wYWdlIiwic2V0dGluZ3MiOnsicG9zdF9pZCI6IjE2OCJ9fQ==@&#8220; force_fullwidth=&#8220;on&#8220; align_tablet=&#8220;center&#8220; align_phone=&#8220;&#8220; align_last_edited=&#8220;on|desktop&#8220; _builder_version=&#8220;4.3.2&#8243; _dynamic_attributes=&#8220;url&#8220; animation_style=&#8220;zoom&#8220; animation_direction=&#8220;top&#8220; animation_intensity_zoom=&#8220;10%&#8220; animation_starting_opacity=&#8220;100%&#8220;][\/et_pb_image][et_pb_text _builder_version=&#8220;4.8.2&#8243; _dynamic_attributes=&#8220;link_option_url&#8220; text_font=&#8220;||||||||&#8220; text_font_size=&#8220;16px&#8220; text_line_height=&#8220;1.8em&#8220; header_font=&#8220;||||||||&#8220; header_3_font=&#8220;|600|||||||&#8220; header_3_line_height=&#8220;1.5em&#8220; custom_margin=&#8220;40px||10px|&#8220; custom_padding=&#8220;|||&#8220; animation_style=&#8220;flip&#8220; animation_starting_opacity=&#8220;100%&#8220; link_option_url=&#8220;@ET-DC@eyJkeW5hbWljIjp0cnVlLCJjb250ZW50IjoicG9zdF9saW5rX3VybF9wYWdlIiwic2V0dGluZ3MiOnsicG9zdF9pZCI6IjE2OCJ9fQ==@&#8220;]<\/p>\n<h3><span style=\"text-decoration: underline;\">Psychologische Beratung<\/span><\/h3>\n<p>Bitte lesen Sie hier meine Grunds\u00e4tze zu meiner beziehungsstiftenden und beratenden Grundhaltung.<\/p>\n<p>&nbsp;<\/p>\n<p>[\/et_pb_text][et_pb_image src=&#8220;https:\/\/e-amira.de\/wp-content\/uploads\/2020\/02\/green-chameleon-s9CC2SKySJM-unsplash-scaled.jpg&#8220; url=&#8220;@ET-DC@eyJkeW5hbWljIjp0cnVlLCJjb250ZW50IjoicG9zdF9saW5rX3VybF9wYWdlIiwic2V0dGluZ3MiOnsicG9zdF9pZCI6IjE1MiJ9fQ==@&#8220; force_fullwidth=&#8220;on&#8220; src_last_edited=&#8220;off|desktop&#8220; align_tablet=&#8220;center&#8220; align_phone=&#8220;&#8220; align_last_edited=&#8220;on|desktop&#8220; _builder_version=&#8220;4.8.2&#8243; _dynamic_attributes=&#8220;url&#8220; animation_style=&#8220;zoom&#8220; animation_direction=&#8220;top&#8220; animation_intensity_zoom=&#8220;10%&#8220; animation_starting_opacity=&#8220;100%&#8220;][\/et_pb_image][et_pb_text _builder_version=&#8220;4.8.2&#8243; text_font=&#8220;||||||||&#8220; text_font_size=&#8220;16px&#8220; text_line_height=&#8220;1.8em&#8220; header_font=&#8220;||||||||&#8220; header_3_font=&#8220;|600|||||||&#8220; header_3_line_height=&#8220;1.5em&#8220; min_height=&#8220;100.8px&#8220; custom_margin=&#8220;40px||10px|&#8220; custom_padding=&#8220;|||&#8220; animation_style=&#8220;flip&#8220; animation_starting_opacity=&#8220;100%&#8220; content__hover_enabled=&#8220;on|desktop&#8220;]<\/p>\n<h3><a href=\"https:\/\/e-amira.de\/index.php\/meine-gedichte-2\/\" title=\"Meine Gedichte\"><span style=\"text-decoration: underline;\">Meine Gedichte<\/span><\/a><\/h3>\n<p>In meiner Freizeit schreibe Ich Gedichte und habe bereits meinen ersten eigenen Gedichtband ver\u00f6ffentlicht.<\/p>\n<p>[\/et_pb_text][\/et_pb_column][et_pb_column type=&#8220;1_2&#8243; _builder_version=&#8220;3.25&#8243; custom_padding=&#8220;|||&#8220; custom_padding__hover=&#8220;|||&#8220;][et_pb_image src=&#8220;https:\/\/e-amira.de\/wp-content\/uploads\/2021\/02\/pexels-pixabay-236730.jpg&#8220; title_text=&#8220;pexels-pixabay-236730&#8243; url=&#8220;@ET-DC@eyJkeW5hbWljIjp0cnVlLCJjb250ZW50IjoicG9zdF9saW5rX3VybF9wYWdlIiwic2V0dGluZ3MiOnsicG9zdF9pZCI6IjEzOSJ9fQ==@&#8220; _builder_version=&#8220;4.8.2&#8243; _dynamic_attributes=&#8220;url&#8220; _module_preset=&#8220;default&#8220; animation_style=&#8220;zoom&#8220; animation_direction=&#8220;top&#8220; animation_intensity_zoom=&#8220;10%&#8220; animation_starting_opacity=&#8220;100%&#8220;][\/et_pb_image][et_pb_text _builder_version=&#8220;4.8.2&#8243; _dynamic_attributes=&#8220;link_option_url&#8220; _module_preset=&#8220;default&#8220; custom_margin=&#8220;40px||||false|false&#8220; link_option_url=&#8220;@ET-DC@eyJkeW5hbWljIjp0cnVlLCJjb250ZW50IjoicG9zdF9saW5rX3VybF9wYWdlIiwic2V0dGluZ3MiOnsicG9zdF9pZCI6IjEzOSJ9fQ==@&#8220;]<\/p>\n<h3><span style=\"text-decoration: underline;\"><strong>Referentin<\/strong><\/span><\/h3>\n<p>Erwachsenenbildung<\/p>\n<p>&nbsp;<\/p>\n<p>&nbsp;<\/p>\n<p>[\/et_pb_text][et_pb_image src=&#8220;https:\/\/e-amira.de\/wp-content\/uploads\/2021\/02\/iStock-1045439732-scaled.jpg&#8220; title_text=&#8220;Group Of Children Enjoying Drama Class Together&#8220; force_fullwidth=&#8220;on&#8220; align_tablet=&#8220;center&#8220; align_phone=&#8220;&#8220; align_last_edited=&#8220;on|desktop&#8220; _builder_version=&#8220;4.8.2&#8243; animation_style=&#8220;zoom&#8220; animation_direction=&#8220;top&#8220; animation_intensity_zoom=&#8220;10%&#8220; animation_starting_opacity=&#8220;100%&#8220;][\/et_pb_image][et_pb_text _builder_version=&#8220;4.8.2&#8243; text_font=&#8220;||||||||&#8220; text_font_size=&#8220;16px&#8220; text_line_height=&#8220;1.8em&#8220; header_font=&#8220;||||||||&#8220; header_3_font=&#8220;|600|||||||&#8220; header_3_line_height=&#8220;1.5em&#8220; custom_margin=&#8220;40px||10px|&#8220; custom_padding=&#8220;|||&#8220; animation_style=&#8220;flip&#8220; animation_starting_opacity=&#8220;100%&#8220;]<\/p>\n<h3><span style=\"text-decoration: underline;\">Freies Kinder- und Jugendtheater &#8222;Saure Drops&#8220; e.V.<br \/><\/span><\/h3>\n<p>Ich leite ein Kindertheater das im Jahre 2006 gegr\u00fcndet wurde und bis heute Bestand hat.<\/p>\n<p>[\/et_pb_text][\/et_pb_column][\/et_pb_row][\/et_pb_section][et_pb_section fb_built=&#8220;1&#8243; admin_label=&#8220;Testimonial Section&#8220; _builder_version=&#8220;3.22&#8243; background_color=&#8220;#f7f7f7&#8243; custom_padding=&#8220;111px||110px|||&#8220;][et_pb_row column_structure=&#8220;1_3,1_3,1_3&#8243; admin_label=&#8220;Testimonial Area&#8220; _builder_version=&#8220;3.25&#8243; max_width=&#8220;80%&#8220; custom_padding=&#8220;0px|||&#8220; use_custom_width=&#8220;on&#8220; width_unit=&#8220;off&#8220;][et_pb_column type=&#8220;1_3&#8243; _builder_version=&#8220;3.25&#8243; custom_padding=&#8220;|||&#8220; custom_padding__hover=&#8220;|||&#8220;][\/et_pb_column][et_pb_column type=&#8220;1_3&#8243; _builder_version=&#8220;3.25&#8243; custom_padding=&#8220;|||&#8220; custom_padding__hover=&#8220;|||&#8220;][et_pb_testimonial portrait_url=&#8220;https:\/\/e-amira.de\/wp-content\/uploads\/2021\/01\/20150910_131243-scaled.jpg&#8220; quote_icon=&#8220;off&#8220; portrait_width=&#8220;128px&#8220; portrait_height=&#8220;128px&#8220; _builder_version=&#8220;4.8.2&#8243; body_font=&#8220;||||||||&#8220; body_font_size=&#8220;18px&#8220; use_background_color=&#8220;off&#8220; text_orientation=&#8220;center&#8220; max_width=&#8220;700px&#8220; module_alignment=&#8220;center&#8220; animation_style=&#8220;fade&#8220; border_width_all_portrait=&#8220;1px&#8220; box_shadow_style_image=&#8220;preset2&#8243; box_shadow_vertical_image=&#8220;8px&#8220;]<\/p>\n<p>&#8222;Mut tut gut, schafft Lebensfreude und Selbstvertrauen&#8230;&#8220;<\/p>\n<p>[\/et_pb_testimonial][\/et_pb_column][et_pb_column type=&#8220;1_3&#8243; _builder_version=&#8220;3.25&#8243; custom_padding=&#8220;|||&#8220; custom_padding__hover=&#8220;|||&#8220;][\/et_pb_column][\/et_pb_row][\/et_pb_section][et_pb_section fb_built=&#8220;1&#8243; admin_label=&#8220;Promo Banner&#8220; _builder_version=&#8220;3.22&#8243; background_color=&#8220;#747d88&#8243; custom_padding=&#8220;0px|0px|0px|0px&#8220; locked=&#8220;off&#8220;][et_pb_row column_structure=&#8220;1_2,1_2&#8243; _builder_version=&#8220;3.25&#8243; custom_margin=&#8220;|auto|-42px|auto||&#8220;][et_pb_column type=&#8220;1_2&#8243; _builder_version=&#8220;4.3.2&#8243;][\/et_pb_column][et_pb_column type=&#8220;1_2&#8243; _builder_version=&#8220;3.25&#8243; custom_padding=&#8220;|||&#8220; custom_padding__hover=&#8220;|||&#8220;][\/et_pb_column][\/et_pb_row][\/et_pb_section][et_pb_section fb_built=&#8220;1&#8243; admin_label=&#8220;Footer Section&#8220; _builder_version=&#8220;3.22&#8243; custom_padding=&#8220;110px||110px|&#8220;][et_pb_row column_structure=&#8220;1_3,2_3&#8243; admin_label=&#8220;Footer Area&#8220; _builder_version=&#8220;3.25&#8243;][et_pb_column type=&#8220;1_3&#8243; _builder_version=&#8220;3.25&#8243; custom_padding=&#8220;|||&#8220; custom_padding__hover=&#8220;|||&#8220;][et_pb_text admin_label=&#8220;Title&#8220; _builder_version=&#8220;3.27.4&#8243; text_font=&#8220;||||||||&#8220; header_font=&#8220;||||||||&#8220; header_2_font=&#8220;Alice||||||||&#8220; header_2_font_size=&#8220;36px&#8220; min_height=&#8220;61px&#8220; animation_style=&#8220;fold&#8220; animation_direction=&#8220;left&#8220; animation_intensity_fold=&#8220;20%&#8220; animation_starting_opacity=&#8220;100%&#8220;]<\/p>\n<h2>Kontakt<\/h2>\n<p>[\/et_pb_text][et_pb_blurb title=&#8220;Addresse&#8220; admin_label=&#8220;Address&#8220; _builder_version=&#8220;4.3.2&#8243; header_font=&#8220;|600|||||||&#8220; header_font_size=&#8220;16px&#8220; header_line_height=&#8220;1.8em&#8220; body_font=&#8220;||||||||&#8220; body_font_size=&#8220;16px&#8220; body_line_height=&#8220;1.8em&#8220; animation_style=&#8220;fold&#8220; animation_direction=&#8220;left&#8220; animation_intensity_fold=&#8220;20%&#8220; animation_starting_opacity=&#8220;100%&#8220;]<\/p>\n<p>Edeltraud Amira<br \/>Staufenstra\u00dfe 1<br \/> 63128 Dietzenbach<\/p>\n<p>[\/et_pb_blurb][et_pb_blurb admin_label=&#8220;Address&#8220; _builder_version=&#8220;4.3.2&#8243; header_font=&#8220;|600|||||||&#8220; header_font_size=&#8220;16px&#8220; header_line_height=&#8220;1.8em&#8220; body_font=&#8220;||||||||&#8220; body_font_size=&#8220;16px&#8220; body_line_height=&#8220;1.8em&#8220; animation_style=&#8220;fold&#8220; animation_direction=&#8220;left&#8220; animation_intensity_fold=&#8220;20%&#8220; animation_starting_opacity=&#8220;100%&#8220;]<\/p>\n<p>+49 6074 7289470<br \/> +49 178 6126957<br \/> sup.amira(at)gmx.de<\/p>\n<p>[\/et_pb_blurb][\/et_pb_column][et_pb_column type=&#8220;2_3&#8243; _builder_version=&#8220;3.25&#8243; custom_padding=&#8220;|||&#8220; custom_padding__hover=&#8220;|||&#8220;][et_pb_contact_form email=&#8220;sup.amira@gmx.de&#8220; title=&#8220;Nachricht an mich&#8230;&#8220; custom_message=&#8220;Email von der Homepage:&#8220; submit_button_text=&#8220;Send Request&#8220; module_id=&#8220;et_pb_contact_form_0&#8243; _builder_version=&#8220;4.3.2&#8243; form_field_background_color=&#8220;rgba(255,255,255,0)&#8220; title_font=&#8220;Alice||||||||&#8220; title_font_size=&#8220;36px&#8220; form_field_font=&#8220;||||||||&#8220; form_field_font_size=&#8220;16px&#8220; background_color=&#8220;#ffffff&#8220; custom_button=&#8220;on&#8220; button_text_size=&#8220;14px&#8220; button_text_color=&#8220;#2a2a2a&#8220; button_bg_color=&#8220;#e0c588&#8243; button_border_width=&#8220;12px&#8220; button_border_color=&#8220;#e0c588&#8243; button_border_radius=&#8220;30px&#8220; button_letter_spacing=&#8220;2px&#8220; button_font=&#8220;Poppins|600||on|||||&#8220; button_use_icon=&#8220;off&#8220; animation_style=&#8220;fade&#8220; border_width_all=&#8220;1px&#8220; border_color_all=&#8220;rgba(0,0,0,0.12)&#8220; form_background_color=&#8220;rgba(255,255,255,0)&#8220; button_text_color_hover=&#8220;#2a2a2a&#8220; button_bg_color_hover=&#8220;#e0c588&#8243; button_border_color_hover=&#8220;#e0c588&#8243; button_border_radius_hover=&#8220;30px&#8220; button_letter_spacing_hover=&#8220;2px&#8220;][et_pb_contact_field field_id=&#8220;Name&#8220; field_title=&#8220;Name&#8220; _builder_version=&#8220;3.16&#8243; form_field_font=&#8220;||||||||&#8220; button_text_size__hover_enabled=&#8220;off&#8220; button_one_text_size__hover_enabled=&#8220;off&#8220; button_two_text_size__hover_enabled=&#8220;off&#8220; button_text_color__hover_enabled=&#8220;off&#8220; button_one_text_color__hover_enabled=&#8220;off&#8220; button_two_text_color__hover_enabled=&#8220;off&#8220; button_border_width__hover_enabled=&#8220;off&#8220; button_one_border_width__hover_enabled=&#8220;off&#8220; button_two_border_width__hover_enabled=&#8220;off&#8220; button_border_color__hover_enabled=&#8220;off&#8220; button_one_border_color__hover_enabled=&#8220;off&#8220; button_two_border_color__hover_enabled=&#8220;off&#8220; button_border_radius__hover_enabled=&#8220;off&#8220; button_one_border_radius__hover_enabled=&#8220;off&#8220; button_two_border_radius__hover_enabled=&#8220;off&#8220; button_letter_spacing__hover_enabled=&#8220;off&#8220; button_one_letter_spacing__hover_enabled=&#8220;off&#8220; button_two_letter_spacing__hover_enabled=&#8220;off&#8220; button_bg_color__hover_enabled=&#8220;off&#8220; button_one_bg_color__hover_enabled=&#8220;off&#8220; button_two_bg_color__hover_enabled=&#8220;off&#8220;][\/et_pb_contact_field][et_pb_contact_field field_id=&#8220;Email&#8220; field_title=&#8220;Email Address&#8220; field_type=&#8220;email&#8220; _builder_version=&#8220;3.16&#8243; button_text_size__hover_enabled=&#8220;off&#8220; button_one_text_size__hover_enabled=&#8220;off&#8220; button_two_text_size__hover_enabled=&#8220;off&#8220; button_text_color__hover_enabled=&#8220;off&#8220; button_one_text_color__hover_enabled=&#8220;off&#8220; button_two_text_color__hover_enabled=&#8220;off&#8220; button_border_width__hover_enabled=&#8220;off&#8220; button_one_border_width__hover_enabled=&#8220;off&#8220; button_two_border_width__hover_enabled=&#8220;off&#8220; button_border_color__hover_enabled=&#8220;off&#8220; button_one_border_color__hover_enabled=&#8220;off&#8220; button_two_border_color__hover_enabled=&#8220;off&#8220; button_border_radius__hover_enabled=&#8220;off&#8220; button_one_border_radius__hover_enabled=&#8220;off&#8220; button_two_border_radius__hover_enabled=&#8220;off&#8220; button_letter_spacing__hover_enabled=&#8220;off&#8220; button_one_letter_spacing__hover_enabled=&#8220;off&#8220; button_two_letter_spacing__hover_enabled=&#8220;off&#8220; button_bg_color__hover_enabled=&#8220;off&#8220; button_one_bg_color__hover_enabled=&#8220;off&#8220; button_two_bg_color__hover_enabled=&#8220;off&#8220;][\/et_pb_contact_field][et_pb_contact_field field_id=&#8220;Message&#8220; field_title=&#8220;Message&#8220; field_type=&#8220;text&#8220; fullwidth_field=&#8220;on&#8220; _builder_version=&#8220;3.16&#8243; button_text_size__hover_enabled=&#8220;off&#8220; button_one_text_size__hover_enabled=&#8220;off&#8220; button_two_text_size__hover_enabled=&#8220;off&#8220; button_text_color__hover_enabled=&#8220;off&#8220; button_one_text_color__hover_enabled=&#8220;off&#8220; button_two_text_color__hover_enabled=&#8220;off&#8220; button_border_width__hover_enabled=&#8220;off&#8220; button_one_border_width__hover_enabled=&#8220;off&#8220; button_two_border_width__hover_enabled=&#8220;off&#8220; button_border_color__hover_enabled=&#8220;off&#8220; button_one_border_color__hover_enabled=&#8220;off&#8220; button_two_border_color__hover_enabled=&#8220;off&#8220; button_border_radius__hover_enabled=&#8220;off&#8220; button_one_border_radius__hover_enabled=&#8220;off&#8220; button_two_border_radius__hover_enabled=&#8220;off&#8220; button_letter_spacing__hover_enabled=&#8220;off&#8220; button_one_letter_spacing__hover_enabled=&#8220;off&#8220; button_two_letter_spacing__hover_enabled=&#8220;off&#8220; button_bg_color__hover_enabled=&#8220;off&#8220; button_one_bg_color__hover_enabled=&#8220;off&#8220; button_two_bg_color__hover_enabled=&#8220;off&#8220;][\/et_pb_contact_field][\/et_pb_contact_form][\/et_pb_column][\/et_pb_row][\/et_pb_section]<\/p>\n","protected":false},"excerpt":{"rendered":"<p>[et_pb_section fb_built=&#8220;1&#8243; admin_label=&#8220;Hero Section&#8220; _builder_version=&#8220;3.22&#8243; use_background_color_gradient=&#8220;on&#8220; background_color_gradient_start=&#8220;#f4f0e9&#8243; background_color_gradient_end=&#8220;rgba(244,240,233,0)&#8220; background_color_gradient_direction=&#8220;90deg&#8220; background_color_gradient_start_position=&#8220;30%&#8220; background_color_gradient_overlays_image=&#8220;on&#8220; background_image=&#8220;https:\/\/e-amira.de\/wp-content\/uploads\/2020\/02\/florist-01.jpg&#8220; custom_margin=&#8220;|||&#8220; custom_padding=&#8220;14%|0px|14%|0px&#8220;][et_pb_row custom_padding_last_edited=&#8220;off|desktop&#8220; admin_label=&#8220;Hero Area&#8220; _builder_version=&#8220;3.25&#8243; custom_padding=&#8220;27px|0px|0px|0px&#8220;][et_pb_column type=&#8220;4_4&#8243; _builder_version=&#8220;3.25&#8243; custom_padding=&#8220;|||&#8220; custom_padding__hover=&#8220;|||&#8220;][et_pb_text admin_label=&#8220;Hero Title&#8220; _builder_version=&#8220;3.27.4&#8243; text_font=&#8220;Playfair Display||||||||&#8220; header_font=&#8220;Alice||||||||&#8220; header_font_size=&#8220;120px&#8220; header_letter_spacing=&#8220;-3px&#8220; header_line_height=&#8220;1.1em&#8220; animation_style=&#8220;slide&#8220; animation_direction=&#8220;left&#8220; animation_intensity_slide=&#8220;5%&#8220; animation_starting_opacity=&#8220;100%&#8220; text_font_size_last_edited=&#8220;off|desktop&#8220; header_font_size_tablet=&#8220;&#8220; header_font_size_phone=&#8220;60px&#8220; header_font_size_last_edited=&#8220;on|phone&#8220;] Edeltraud Amira [\/et_pb_text][et_pb_text _builder_version=&#8220;3.27.4&#8243; text_font=&#8220;||||||||&#8220; text_font_size=&#8220;18px&#8220; text_line_height=&#8220;1.8em&#8220; header_font=&#8220;||||||||&#8220; max_width=&#8220;500px&#8220; custom_margin=&#8220;|||&#8220; custom_padding=&#8220;||10px|&#8220; animation_style=&#8220;slide&#8220; animation_direction=&#8220;left&#8220; animation_intensity_slide=&#8220;5%&#8220; animation_starting_opacity=&#8220;100%&#8220;] [&hellip;]<\/p>\n","protected":false},"author":1,"featured_media":0,"parent":0,"menu_order":0,"comment_status":"closed","ping_status":"closed","template":"","meta":{"_et_pb_use_builder":"on","_et_pb_old_content":"","_et_gb_content_width":"","footnotes":""},"class_list":["post-38","page","type-page","status-publish","hentry"],"_links":{"self":[{"href":"https:\/\/e-amira.de\/index.php\/wp-json\/wp\/v2\/pages\/38","targetHints":{"allow":["GET"]}}],"collection":[{"href":"https:\/\/e-amira.de\/index.php\/wp-json\/wp\/v2\/pages"}],"about":[{"href":"https:\/\/e-amira.de\/index.php\/wp-json\/wp\/v2\/types\/page"}],"author":[{"embeddable":true,"href":"https:\/\/e-amira.de\/index.php\/wp-json\/wp\/v2\/users\/1"}],"replies":[{"embeddable":true,"href":"https:\/\/e-amira.de\/index.php\/wp-json\/wp\/v2\/comments?post=38"}],"version-history":[{"count":47,"href":"https:\/\/e-amira.de\/index.php\/wp-json\/wp\/v2\/pages\/38\/revisions"}],"predecessor-version":[{"id":244,"href":"https:\/\/e-amira.de\/index.php\/wp-json\/wp\/v2\/pages\/38\/revisions\/244"}],"wp:attachment":[{"href":"https:\/\/e-amira.de\/index.php\/wp-json\/wp\/v2\/media?parent=38"}],"curies":[{"name":"wp","href":"https:\/\/api.w.org\/{rel}","templated":true}]}}