{"id":139,"date":"2020-08-29T09:22:09","date_gmt":"2020-08-29T09:22:09","guid":{"rendered":"https:\/\/e-amira.de\/?page_id=139"},"modified":"2021-02-02T10:15:33","modified_gmt":"2021-02-02T10:15:33","slug":"ueber-mich","status":"publish","type":"page","link":"https:\/\/e-amira.de\/index.php\/ueber-mich\/","title":{"rendered":"\u00dcber mich"},"content":{"rendered":"<p>[et_pb_section fb_built=&#8220;1&#8243; _builder_version=&#8220;4.3.2&#8243;][et_pb_row _builder_version=&#8220;4.3.2&#8243;][et_pb_column type=&#8220;4_4&#8243; _builder_version=&#8220;4.3.2&#8243;][et_pb_team_member name=&#8220;Edeltraud Amira&#8220; position=&#8220;Psychologisch Beratung&#8220; image_url=&#8220;https:\/\/e-amira.de\/wp-content\/uploads\/2021\/01\/20150910_131243-scaled.jpg&#8220; _builder_version=&#8220;4.8.2&#8243;]<\/p>\n<p>&nbsp;<\/p>\n<p>&nbsp;<\/p>\n<p><span style=\"text-decoration: underline; font-size: medium;\"><strong>Pers\u00f6nliche Daten<\/strong><\/span><\/p>\n<p><strong>Formale Ausbildung (mit Abschlu\u00df, Zertifikat)<\/strong><\/p>\n<ul>\n<li>Erzieherin<\/li>\n<\/ul>\n<p><strong>Zusatzausbildung<\/strong><\/p>\n<ul>\n<li>Spielp\u00e4dagogin<\/li>\n<li>Supervisorin<\/li>\n<li>Institutions- und Kommunikationsberaterin<\/li>\n<li>Fachtrainer &#8222;Soziale Kompetenzen&#8220;<\/li>\n<li>Heilpraktikerin Psychotherapie<\/li>\n<\/ul>\n<p><strong>Auf anderen Wegen erworbene F\u00e4higkeiten<\/strong><\/p>\n<ul>\n<li>40 Jahre Leitungst\u00e4tigkeit in Kitas der Stadt Frankfurt am Main<\/li>\n<li>Theaterp\u00e4dagogik<\/li>\n<\/ul>\n<p><strong>Kompetenzen und Erfahrungen im Bereich Erwachsenenbildung<\/strong><\/p>\n<ul>\n<li>Personalf\u00fchrung<\/li>\n<li>Einzel- und Gruppensupervision<\/li>\n<li>Fortbildnerin in sozialen Einrichtungen<\/li>\n<li>Referentin in der Kindertagespflege<\/li>\n<\/ul>\n<p><strong>Kindertagespflege (fundierte fachspezifische Kenntnisse des DJI\/QHB\/BEP)<\/strong><\/p>\n<ul>\n<li>Seit 2005 arbeite ich nach dem DJI und seit 2015 nach dem QHB als Referentin in der Kindertagespflege<\/li>\n<li>Erwerb des Zertifikats f\u00fcr das neue QHB 2015 beim Bundesverband f\u00fcr Kindertagespflege<\/li>\n<\/ul>\n<p>\u00a0<strong>praktische Arbeit mit Kindern:<\/strong><\/p>\n<ul>\n<li>P\u00e4dagogische Arbeit mit Kindern seit 45 Jahren in den Altersstufen 0 &#8211; 14<\/li>\n<\/ul>\n<p><strong>Haltung \/ eigene Einstellung zu<\/strong><\/p>\n<p>Erwachsenenbildung:<\/p>\n<ul>\n<li>\u201eLebenslanges Lernen\u201c ist meine Grundhaltung und\u00a0f\u00fcr einen P\u00e4dagogen selbstverst\u00e4ndlich<\/li>\n<\/ul>\n<p>[\/et_pb_team_member][\/et_pb_column][\/et_pb_row][\/et_pb_section]<\/p>\n","protected":false},"excerpt":{"rendered":"<p>[et_pb_section fb_built=&#8220;1&#8243; _builder_version=&#8220;4.3.2&#8243;][et_pb_row _builder_version=&#8220;4.3.2&#8243;][et_pb_column type=&#8220;4_4&#8243; _builder_version=&#8220;4.3.2&#8243;][et_pb_team_member name=&#8220;Edeltraud Amira&#8220; position=&#8220;Psychologisch Beratung&#8220; image_url=&#8220;https:\/\/e-amira.de\/wp-content\/uploads\/2021\/01\/20150910_131243-scaled.jpg&#8220; _builder_version=&#8220;4.8.2&#8243;] &nbsp; &nbsp; Pers\u00f6nliche Daten Formale Ausbildung (mit Abschlu\u00df, Zertifikat) Erzieherin Zusatzausbildung Spielp\u00e4dagogin Supervisorin Institutions- und Kommunikationsberaterin Fachtrainer &#8222;Soziale Kompetenzen&#8220; Heilpraktikerin Psychotherapie Auf anderen Wegen erworbene F\u00e4higkeiten 40 Jahre Leitungst\u00e4tigkeit in Kitas der Stadt Frankfurt am Main Theaterp\u00e4dagogik Kompetenzen und Erfahrungen im Bereich Erwachsenenbildung [&hellip;]<\/p>\n","protected":false},"author":1,"featured_media":0,"parent":0,"menu_order":0,"comment_status":"closed","ping_status":"closed","template":"","meta":{"_et_pb_use_builder":"on","_et_pb_old_content":"","_et_gb_content_width":"","footnotes":""},"class_list":["post-139","page","type-page","status-publish","hentry"],"_links":{"self":[{"href":"https:\/\/e-amira.de\/index.php\/wp-json\/wp\/v2\/pages\/139","targetHints":{"allow":["GET"]}}],"collection":[{"href":"https:\/\/e-amira.de\/index.php\/wp-json\/wp\/v2\/pages"}],"about":[{"href":"https:\/\/e-amira.de\/index.php\/wp-json\/wp\/v2\/types\/page"}],"author":[{"embeddable":true,"href":"https:\/\/e-amira.de\/index.php\/wp-json\/wp\/v2\/users\/1"}],"replies":[{"embeddable":true,"href":"https:\/\/e-amira.de\/index.php\/wp-json\/wp\/v2\/comments?post=139"}],"version-history":[{"count":8,"href":"https:\/\/e-amira.de\/index.php\/wp-json\/wp\/v2\/pages\/139\/revisions"}],"predecessor-version":[{"id":216,"href":"https:\/\/e-amira.de\/index.php\/wp-json\/wp\/v2\/pages\/139\/revisions\/216"}],"wp:attachment":[{"href":"https:\/\/e-amira.de\/index.php\/wp-json\/wp\/v2\/media?parent=139"}],"curies":[{"name":"wp","href":"https:\/\/api.w.org\/{rel}","templated":true}]}}